{"id":71,"date":"2023-07-21T19:06:11","date_gmt":"2023-07-21T17:06:11","guid":{"rendered":"https:\/\/refugees4refugees.org\/en\/?page_id=71"},"modified":"2023-11-25T10:56:49","modified_gmt":"2023-11-25T09:56:49","slug":"press","status":"publish","type":"page","link":"https:\/\/refugees4refugees.org\/en\/press\/","title":{"rendered":"Press"},"content":{"rendered":"\n<p>Some of the articles are only available in German language.<\/p>\n\n\n\n<h3 class=\"wp-block-heading\"><strong>Action days against causes of flight for refugees:<\/strong><\/h3>\n\n\n\n<ul class=\"wp-block-list\">\n<li><a href=\"https:\/\/beobachternews.de\/2015\/09\/03\/refugee-protest-gegen-ruestungsexport\/\">Beobachter News: Refugee-Protest gegen R\u00fcstungsexport<\/a> <\/li>\n\n\n\n<li><a href=\"http:\/\/www.wueste-welle.de\/redaktion\/view\/id\/25\/tab\/weblog\/article\/45028\/Aktionstage_Fl-uuml-chtlinge_f-uuml-r_Fl-uuml-chtlinge.html\" target=\"_blank\" rel=\"noreferrer noopener\">W\u00fcste Welle: Aktionstage Fl\u00fcchtlinge f\u00fcr Fl\u00fcchtlinge<\/a><\/li>\n\n\n\n<li><a href=\"https:\/\/archiv.seemoz.de\/lokal_regional\/wenn-gefluechtete-sich-organisieren\/\" target=\"_blank\" rel=\"noreferrer noopener\">Seemoz: Wenn Gefl\u00fcchtete sich organisieren<\/a><\/li>\n\n\n\n<li><a href=\"https:\/\/archiv.seemoz.de\/lokal_regional\/wir-sterben-fuer-eure-privilegien\/\" target=\"_blank\" rel=\"noreferrer noopener\">Seemoz: Wir sterben f\u00fcr eure Privilegien<\/a><\/li>\n\n\n\n<li><a href=\"https:\/\/www.suedkurier.de\/archiv\/region\/kreis-konstanz\/konstanz\/art1360087,8091725\" target=\"_blank\" rel=\"noreferrer noopener\">S\u00fcdkurier: Fluchtursachen: Demonstration gegen Waffenfirmen<\/a><\/li>\n\n\n\n<li><a href=\"https:\/\/archiv.seemoz.de\/lokal_regional\/ohne-kriege-keine-fluechtlinge\/\" target=\"_blank\" rel=\"noreferrer noopener\">Seemoz: Ohne Kriege keine Fl\u00fcchtlinge<\/a><\/li>\n\n\n\n<li><a href=\"https:\/\/www.suedkurier.de\/archiv\/region\/kreis-konstanz\/konstanz\/art1360087,8084133\" target=\"_blank\" rel=\"noreferrer noopener\">S\u00fcdkurier: Asta unterst\u00fctzt Aktion f\u00fcr Fl\u00fcchtlinge<\/a><\/li>\n\n\n\n<li><a href=\"https:\/\/archiv.seemoz.de\/lokal_regional\/studis-trommeln-fuer-aktionstage-gegen-waffenexporte\/\" target=\"_blank\" rel=\"noreferrer noopener\">Seemoz: AStA trommelt f\u00fcr Aktionstage gegen Waffenexporte<\/a><\/li>\n\n\n\n<li><a href=\"https:\/\/beobachternews.de\/2015\/08\/17\/gefluechtete-gegen-waffenexport\/\" target=\"_blank\" rel=\"noreferrer noopener\">Beobachter News: Gefl\u00fcchtete gegen Waffenexport<\/a><\/li>\n<\/ul>\n\n\n\n<h3 class=\"wp-block-heading\"><strong>Interviews with Rex Osa:<\/strong><\/h3>\n\n\n\n<ul class=\"wp-block-list\">\n<li><a href=\"https:\/\/taz.de\/Fluechtling-ueber-deutsche-Waffenindustrie\/!5222868\/\" target=\"_blank\" rel=\"noreferrer noopener\">taz: \u201eIhre Fabriken verursachen Flucht\u201c<\/a><\/li>\n\n\n\n<li><a href=\"http:\/\/www.jungewelt.de\/2015\/08-19\/048.php\" target=\"_blank\" rel=\"noreferrer noopener\">Junge Welt: Fl\u00fcchtlinge protestieren gegen die deutsche R\u00fcstungsindustrie. Ein Gespr\u00e4ch mit Rex Osa<\/a><\/li>\n<\/ul>\n\n\n\n<h3 class=\"wp-block-heading\">Transcripts of s<strong>peeches:<\/strong><\/h3>\n\n\n\n<ul class=\"wp-block-list\">\n<li><a href=\"http:\/\/linke-liste-konstanz.com\/wir-sind-hier-nicht-zum-urlaub-oder-aus-spass\/\" target=\"_blank\" rel=\"noreferrer noopener\">Linke Liste Konstanz: \u201eWir sind hier nicht zum Urlaub oder aus Spa\u00df\u201c<\/a><\/li>\n<\/ul>\n\n\n\n<p>More information regarding the arms industry at Lake Constance: <a href=\"http:\/\/www.waffenvombodensee.com\/\" target=\"_blank\" rel=\"noreferrer noopener\">http:\/\/www.waffenvombodensee.com\/<\/a><\/p>\n\n\n\n<h3 class=\"wp-block-heading\"><strong>Deportation monitoring:<\/strong><\/h3>\n\n\n\n<ul class=\"wp-block-list\">\n<li><a href=\"https:\/\/thenationonlineng.net\/germany-set-to-deport-fresh-set-of-nigerian-migrants\/\">The Nation: Germany sets to deport fresh set of Nigerian migrants<\/a> &nbsp; &nbsp; &nbsp; &nbsp;<\/li>\n\n\n\n<li><a href=\"http:\/\/saharareporters.com\/2019\/08\/17\/nigerian-migrants-germany-be-deported-monday\">Sahara Reporters: Nigerian Migrants In Germany To Be Deported On Monday<\/a><\/li>\n\n\n\n<li><a href=\"https:\/\/www.youtube.com\/watch?v=OH4k_Ulc6W8&amp;feature=youtu.be\">TV360 Nigeria (Youtube): Germany deports 20 Nigerian immigrants<\/a> &nbsp; &nbsp; &nbsp; &nbsp;&nbsp;&nbsp;&nbsp;&nbsp;<\/li>\n\n\n\n<li><a href=\"https:\/\/www.theafricancourier.de\/migration\/germany-deports-20-nigerians-to-lagos\/\">The African Courier: Anger at Lagos airport as Nigerian deportees arrive from Germany<\/a> &nbsp;<\/li>\n\n\n\n<li><a href=\"https:\/\/thenationonlineng.net\/horrors-of-asylum-seekers-1\/\">The Nation: Horrors of asylum seekers (1)<\/a><\/li>\n\n\n\n<li><a href=\"https:\/\/thenationonlineng.net\/horrors-of-asylum-seekers-2\/\">The Nation: Horrors of asylum seekers (2)<\/a><\/li>\n\n\n\n<li><a href=\"https:\/\/www.theafricancourier.de\/migration\/exclusive-nigerian-deportees-from-germany-narrate-their-tales-of-woe-in-lagos\/\">The African Courier: Nigerian deportees from Germany narrate their tales of woe in Lagos<\/a><\/li>\n\n\n\n<li><a href=\"https:\/\/www.theafricancourier.de\/migration\/deported-nigerians-germany-violated-international-agreements-say-activists\/\">The African Courier: Deported Nigerians: Germany violated international agreements \u2013 say activists<\/a><\/li>\n\n\n\n<li><a href=\"https:\/\/www.youtube.com\/watch?v=qKwxYB9Zm0g&amp;feature=youtu.be\">TC360: Nigeria: Talking Migration Episode 28: Tales of Nigerians deported from Germany<\/a><\/li>\n<\/ul>\n","protected":false},"excerpt":{"rendered":"<p>Some of the articles are only available in German language. Action days against causes of&#8230;<\/p>\n","protected":false},"author":1,"featured_media":1000003854,"parent":0,"menu_order":0,"comment_status":"closed","ping_status":"closed","template":"","meta":{"footnotes":""},"class_list":["post-71","page","type-page","status-publish","has-post-thumbnail","hentry"],"_links":{"self":[{"href":"https:\/\/refugees4refugees.org\/en\/wp-json\/wp\/v2\/pages\/71","targetHints":{"allow":["GET"]}}],"collection":[{"href":"https:\/\/refugees4refugees.org\/en\/wp-json\/wp\/v2\/pages"}],"about":[{"href":"https:\/\/refugees4refugees.org\/en\/wp-json\/wp\/v2\/types\/page"}],"author":[{"embeddable":true,"href":"https:\/\/refugees4refugees.org\/en\/wp-json\/wp\/v2\/users\/1"}],"replies":[{"embeddable":true,"href":"https:\/\/refugees4refugees.org\/en\/wp-json\/wp\/v2\/comments?post=71"}],"version-history":[{"count":2,"href":"https:\/\/refugees4refugees.org\/en\/wp-json\/wp\/v2\/pages\/71\/revisions"}],"predecessor-version":[{"id":3290,"href":"https:\/\/refugees4refugees.org\/en\/wp-json\/wp\/v2\/pages\/71\/revisions\/3290"}],"wp:featuredmedia":[{"embeddable":true,"href":"https:\/\/refugees4refugees.org\/en\/wp-json\/"}],"wp:attachment":[{"href":"https:\/\/refugees4refugees.org\/en\/wp-json\/wp\/v2\/media?parent=71"}],"curies":[{"name":"wp","href":"https:\/\/api.w.org\/{rel}","templated":true}]}}