{"id":52,"date":"2023-07-21T18:33:09","date_gmt":"2023-07-21T16:33:09","guid":{"rendered":"https:\/\/refugees4refugees.org\/en\/?page_id=52"},"modified":"2023-11-19T19:25:43","modified_gmt":"2023-11-19T18:25:43","slug":"imprint","status":"publish","type":"page","link":"https:\/\/refugees4refugees.org\/en\/imprint\/","title":{"rendered":"Imprint"},"content":{"rendered":"\n<p>Contact Person: Rex Osa<\/p>\n\n\n\n<p>Fl\u00fcchtlinge f\u00fcr Fl\u00fcchtlinge\u00a0 (Refugees4Refugees)<br>B\u00f6blingerstr. 105<br>70199 Stuttgart<br>Germany<\/p>\n\n\n\n<p><strong>Tel.:<\/strong> +49.1517.220.7248<br><strong>Email: <\/strong><a href=\"mailto:refugees4refugees@gmx.de\">refugees4refugees@gmx.de<\/a><\/p>\n","protected":false},"excerpt":{"rendered":"<p>Contact Person: Rex Osa Fl\u00fcchtlinge f\u00fcr Fl\u00fcchtlinge\u00a0 (Refugees4Refugees)B\u00f6blingerstr. 10570199 StuttgartGermany Tel.: +49.1517.220.7248Email: refugees4refugees@gmx.de<\/p>\n","protected":false},"author":1,"featured_media":0,"parent":0,"menu_order":0,"comment_status":"closed","ping_status":"closed","template":"","meta":{"footnotes":""},"class_list":["post-52","page","type-page","status-publish","hentry"],"_links":{"self":[{"href":"https:\/\/refugees4refugees.org\/en\/wp-json\/wp\/v2\/pages\/52","targetHints":{"allow":["GET"]}}],"collection":[{"href":"https:\/\/refugees4refugees.org\/en\/wp-json\/wp\/v2\/pages"}],"about":[{"href":"https:\/\/refugees4refugees.org\/en\/wp-json\/wp\/v2\/types\/page"}],"author":[{"embeddable":true,"href":"https:\/\/refugees4refugees.org\/en\/wp-json\/wp\/v2\/users\/1"}],"replies":[{"embeddable":true,"href":"https:\/\/refugees4refugees.org\/en\/wp-json\/wp\/v2\/comments?post=52"}],"version-history":[{"count":3,"href":"https:\/\/refugees4refugees.org\/en\/wp-json\/wp\/v2\/pages\/52\/revisions"}],"predecessor-version":[{"id":3353,"href":"https:\/\/refugees4refugees.org\/en\/wp-json\/wp\/v2\/pages\/52\/revisions\/3353"}],"wp:attachment":[{"href":"https:\/\/refugees4refugees.org\/en\/wp-json\/wp\/v2\/media?parent=52"}],"curies":[{"name":"wp","href":"https:\/\/api.w.org\/{rel}","templated":true}]}}